{"id":147,"date":"2018-09-17T10:55:10","date_gmt":"2018-09-17T08:55:10","guid":{"rendered":"http:\/\/wordpress-pyreg.p480080.webspaceconfig.de\/?page_id=147"},"modified":"2025-03-13T16:59:22","modified_gmt":"2025-03-13T15:59:22","slug":"news-presse","status":"publish","type":"page","link":"https:\/\/dev.pyreg.de\/de\/unternehmen\/news-presse\/","title":{"rendered":"NEWS &amp; PRESSE"},"content":{"rendered":"<p>[et_pb_section fb_built=\u201c1\u2033 disabled_on=\u201coff|off|off\u201c _builder_version=\u201c4.16\u2033 height_tablet=\u201c\u201c height_phone=\u201c100%\u201c height_last_edited=\u201con|phone\u201c custom_padding=\u201c100px|0px|0px|0px|false|false\u201c da_disable_devices=\u201coff|off|off\u201c global_colors_info=\u201c{}\u201c da_is_popup=\u201coff\u201c da_exit_intent=\u201coff\u201c da_has_close=\u201con\u201c da_alt_close=\u201coff\u201c da_dark_close=\u201coff\u201c da_not_modal=\u201con\u201c da_is_singular=\u201coff\u201c da_with_loader=\u201coff\u201c da_has_shadow=\u201con\u201c][et_pb_row _builder_version=\u201c4.16\u2033 background_size=\u201cinitial\u201c background_position=\u201ctop_left\u201c background_repeat=\u201crepeat\u201c global_colors_info=\u201c{}\u201c][et_pb_column type=\u201c4_4\u2033 _builder_version=\u201c4.16\u2033 custom_padding=\u201c|||\u201c global_colors_info=\u201c{}\u201c custom_padding__hover=\u201c|||\u201c][et_pb_text admin_label=\u201cHeadline\u201c _builder_version=\u201c4.18.0\u2033 custom_margin=\u201c||10px|\u201c global_colors_info=\u201c{}\u201c]<\/p>\n<h1>NEWS &amp; PRESSE<\/h1>\n<p>[\/et_pb_text][et_pb_divider color=\u201c#000000\u2033 divider_style=\u201cnone\u201c divider_weight=\u201c3px\u201c _builder_version=\u201c4.16\u2033 height=\u201c0px\u201c global_colors_info=\u201c{}\u201c]&nbsp;[\/et_pb_divider][et_pb_text admin_label=\u201cCopy\u201c _builder_version=\u201c4.16\u2033 global_colors_info=\u201c{}\u201c]Sie sind Jour\u00adna\u00adlist und wollen mehr \u00fcber PYREG erfahren oder ben\u00f6\u00adtigen fundierte Infor\u00adma\u00adtionen \u00fcber Themen, von denen Sie im Zusam\u00admen\u00adhang mit PYREG geh\u00f6rt haben? Im Folgenden finden Sie eine Kurz\u00adpr\u00e4\u00adsen\u00adta\u00adtion unseres Unter\u00adneh\u00admens, aktu\u00adelle Pres\u00adse\u00admit\u00adtei\u00adlungen sowie Bild\u00adma\u00adte\u00adrial, das Sie mit der Quel\u00adlen\u00adan\u00adgabe \u201ePYREG GmbH\u201c gerne verwenden d\u00fcrfen. Sollten Sie dar\u00fcber hinaus Fragen haben oder Mate\u00adrial ben\u00f6\u00adtigen, wenden Sie sich bitte an unsere Ansprech\u00adpart\u00adnerin f\u00fcr Presseangelegenheiten.[\/et_pb_text][\/et_pb_column][\/et_pb_row][et_pb_row disabled_on=\u201con|on|on\u201c _builder_version=\u201c4.16\u2033 _module_preset=\u201cdefault\u201c disabled=\u201con\u201c global_colors_info=\u201c{}\u201c][et_pb_column type=\u201c4_4\u2033 _builder_version=\u201c4.16\u2033 _module_preset=\u201cdefault\u201c global_colors_info=\u201c{}\u201c][et_pb_slider show_image_video_mobile=\u201con\u201c use_bg_overlay=\u201coff\u201c use_text_overlay=\u201coff\u201c disabled_on=\u201coff|off|off\u201c _builder_version=\u201c4.16\u2033 _module_preset=\u201cdefault\u201c header_font=\u201c|||on|||||\u201c header_text_color=\u201c#296f50\u2033 header_font_size=\u201c25px\u201c body_text_color=\u201c#000000\u2033 body_line_height=\u201c1.4em\u201c background_color=\u201crgba(0,0,0,0)\u201c custom_button=\u201con\u201c button_text_color=\u201c#296f50\u2033 button_bg_color=\u201crgba(0,0,0,0)\u201c button_border_width=\u201c0px\u201c button_border_color=\u201c#296f50\u2033 button_use_icon=\u201coff\u201c button_alignment=\u201cleft\u201c button_custom_margin=\u201c||||false|false\u201c button_custom_padding=\u201c|||0px|false|false\u201c text_orientation=\u201cleft\u201c width_last_edited=\u201coff|desktop\u201c link_option_url_new_window=\u201con\u201c overflow-x_last_edited=\u201coff|desktop\u201c border_width_all_image=\u201c0px\u201c global_colors_info=\u201c{}\u201c][et_pb_slide heading=\u201cCleanTech made in Germany auf Erfolgs\u00adkurs\u201c button_text=\u201cDownload PDF\u201c button_link=\u201chttps:\/\/dev.pyreg.de\/wp-content\/uploads\/211006_Pyreg_Cleantech-made-in-Germany-auf-Erfolgskurs.pdf\u201c url_new_window=\u201con\u201c image=\u201chttps:\/\/dev.pyreg.de\/wp-content\/uploads\/2021-Michael-Merz-8173.jpg\u201c use_bg_overlay=\u201coff\u201c _builder_version=\u201c4.16\u2033 _module_preset=\u201cdefault\u201c header_level=\u201ch2\u2033 header_text_color=\u201c#296f50\u2033 background_color=\u201c#e9eaea\u201c background_enable_color=\u201con\u201c border_width_all_image=\u201c0px\u201c global_colors_info=\u201c{}\u201c sticky_transition=\u201con\u201c]<\/p>\n<p><span style=\"text-decoration: underline;\"><span style=\"color: #296f50; text-decoration: underline;\">7.Oktober 2021<\/span><\/span><\/p>\n<p>Die PYREG GmbH, Welt\u00admarkt\u00adf\u00fchrer im Anla\u00adgenbau zur Erzeu\u00adgung von Biomas\u00adse\u00adkar\u00adbo\u00adni\u00adsaten, baut im Zuge wach\u00adsender Auftr\u00e4ge ihren Produk\u00adti\u00adons\u00adstandort in Rhein\u00adland-Pfalz aus.&nbsp;Zugleich erwei\u00adtert&nbsp;das\u2026<\/p>\n<p>[\/et_pb_slide][\/et_pb_slider][\/et_pb_column][\/et_pb_row][\/et_pb_section][et_pb_section fb_built=\u201c1\u2033 _builder_version=\u201c4.16\u2033 _module_preset=\u201cdefault\u201c da_disable_devices=\u201coff|off|off\u201c collapsed=\u201coff\u201c global_colors_info=\u201c{}\u201c da_is_popup=\u201coff\u201c da_exit_intent=\u201coff\u201c da_has_close=\u201con\u201c da_alt_close=\u201coff\u201c da_dark_close=\u201coff\u201c da_not_modal=\u201con\u201c da_is_singular=\u201coff\u201c da_with_loader=\u201coff\u201c da_has_shadow=\u201con\u201c][et_pb_row _builder_version=\u201c4.16\u2033 _module_preset=\u201cdefault\u201c collapsed=\u201coff\u201c global_colors_info=\u201c{}\u201c][et_pb_column type=\u201c4_4\u2033 _builder_version=\u201c4.16\u2033 _module_preset=\u201cdefault\u201c global_colors_info=\u201c{}\u201c][et_pb_text admin_label=\u201cHeadline\u201c _builder_version=\u201c4.18.0\u2033 custom_margin=\u201c||10px|\u201c global_colors_info=\u201c{}\u201c]<\/p>\n<h1> <\/h1>\n<p>[\/et_pb_text][et_pb_code _builder_version=\u201c4.23.1\u2033 _module_preset=\u201cdefault\u201c hover_enabled=\u201c0\u2033 global_colors_info=\u201c{}\u201c sticky_enabled=\u201c0\u2033]    <\/p>\n<style><!-- [et_pb_line_break_holder] -->      div#wrapper {<!-- [et_pb_line_break_holder] -->        max-width: 100%;<!-- [et_pb_line_break_holder] -->      }<!-- [et_pb_line_break_holder] --><!-- [et_pb_line_break_holder] -->      h2 {<!-- [et_pb_line_break_holder] -->        color: #296f50;<!-- [et_pb_line_break_holder] -->      }<!-- [et_pb_line_break_holder] --><!-- [et_pb_line_break_holder] -->      .date {<!-- [et_pb_line_break_holder] -->        color: #296f50; <!-- [et_pb_line_break_holder] -->        text-decoration: underline;<!-- [et_pb_line_break_holder] -->      }<!-- [et_pb_line_break_holder] --><!-- [et_pb_line_break_holder] -->      p {<!-- [et_pb_line_break_holder] -->        color: black;<!-- [et_pb_line_break_holder] -->      }<!-- [et_pb_line_break_holder] --><!-- [et_pb_line_break_holder] -->      .button_wrapper {<!-- [et_pb_line_break_holder] -->        margin-top: 1rem;<!-- [et_pb_line_break_holder] -->      }<!-- [et_pb_line_break_holder] --><!-- [et_pb_line_break_holder] -->      .slider-container {<!-- [et_pb_line_break_holder] -->        background: #e9eaea;<!-- [et_pb_line_break_holder] -->        padding: 1rem;<!-- [et_pb_line_break_holder] -->      }<!-- [et_pb_line_break_holder] --><!-- [et_pb_line_break_holder] -->      img {<!-- [et_pb_line_break_holder] -->        max-width: 100%;<!-- [et_pb_line_break_holder] -->        height: auto;<!-- [et_pb_line_break_holder] -->      }<!-- [et_pb_line_break_holder] --><!-- [et_pb_line_break_holder] -->      .folien-img {<!-- [et_pb_line_break_holder] -->        padding: 1rem;<!-- [et_pb_line_break_holder] -->        line-height: 0;<!-- [et_pb_line_break_holder] -->      }<!-- [et_pb_line_break_holder] --><!-- [et_pb_line_break_holder] -->      .folien .description {<!-- [et_pb_line_break_holder] -->        padding: 1rem;<!-- [et_pb_line_break_holder] -->      }<!-- [et_pb_line_break_holder] --><!-- [et_pb_line_break_holder] -->      .folien {<!-- [et_pb_line_break_holder] -->        display: flex;<!-- [et_pb_line_break_holder] -->        flex-wrap: wrap;<!-- [et_pb_line_break_holder] -->        align-items: center;<!-- [et_pb_line_break_holder] -->        justify-content: center;<!-- [et_pb_line_break_holder] -->        margin: 0 auto;<!-- [et_pb_line_break_holder] -->      }<!-- [et_pb_line_break_holder] --><!-- [et_pb_line_break_holder] -->      @media screen and (min-width: 980px) {<!-- [et_pb_line_break_holder] --><!-- [et_pb_line_break_holder] -->        .slider-container {<!-- [et_pb_line_break_holder] -->        padding: 4rem 2rem;<!-- [et_pb_line_break_holder] -->        }<!-- [et_pb_line_break_holder] --><!-- [et_pb_line_break_holder] -->          .folien-img {<!-- [et_pb_line_break_holder] -->          max-width: 50%;<!-- [et_pb_line_break_holder] -->          margin-right: 2rem;<!-- [et_pb_line_break_holder] -->        }<!-- [et_pb_line_break_holder] --><!-- [et_pb_line_break_holder] -->        .folien .description {<!-- [et_pb_line_break_holder] -->          max-width: 40%;<!-- [et_pb_line_break_holder] -->        }<!-- [et_pb_line_break_holder] -->      }<!-- [et_pb_line_break_holder] --><!-- [et_pb_line_break_holder] --><!-- [et_pb_line_break_holder] -->    <\/style>\n<p><!-- [et_pb_line_break_holder] --><!-- [et_pb_line_break_holder] -->  <!-- [et_pb_line_break_holder] -->  <body><!-- [et_pb_line_break_holder] -->    <\/body><\/p>\n<div id=\"wrapper\"><!-- [et_pb_line_break_holder] -->    \n<div class=\"slider-container\"><!-- [et_pb_line_break_holder] --><!-- [et_pb_line_break_holder] -->      \n<div class=\"folien\"><!-- [et_pb_line_break_holder] --><!-- [et_pb_line_break_holder] --><!-- Image --><!-- [et_pb_line_break_holder] -->        \n<div class=\"folien-img\"><!-- [et_pb_line_break_holder] -->          <img decoding=\"async\" src=\"https:\/\/dev.pyreg.de\/wp-content\/uploads\/Alexander-Friedrichkeit-CSO-PYREG-GmbH.jpg\" alt><!-- [et_pb_line_break_holder] -->        <\/div>\n<p><!-- [et_pb_line_break_holder] --><!-- [et_pb_line_break_holder] -->        <\/p>\n<div class=\"description\"><!-- [et_pb_line_break_holder] --><!-- Headline --><!-- [et_pb_line_break_holder] -->          \n<h2 class=\"title\">PYREG holt erfah\u00adrene F\u00fchrungs\u00adkraft von Shell als Chief Sales Officer (CSO)<\/h2>\n<p><!-- [et_pb_line_break_holder] --><!-- [et_pb_line_break_holder] -->          <\/p>\n<div class=\"content\"><!-- [et_pb_line_break_holder] --><!-- Date --><!-- [et_pb_line_break_holder] -->            <pee><span class=\"date\">13. M\u00e4rz 2025<\/span><\/pee><!-- [et_pb_line_break_holder] --><!-- Text --><!-- [et_pb_line_break_holder] -->            <pee>Mit Alex\u00adander Fried\u00adrich\u00adkeit will PYREG sein inter\u00adna\u00adtio\u00adnales Netz\u00adwerk ausbauen und mittels stra\u00adte\u00adgi\u00adschem Projekt\u00adma\u00adnage\u00adment wert\u00adsch\u00f6p\u00adfungs\u00adstarke Gro\u00df\u00adpro\u00adjekte reali\u00adsieren.<!-- [et_pb_line_break_holder] --><!-- [et_pb_line_break_holder] --><!-- [et_pb_line_break_holder] --><\/pee><!-- [et_pb_line_break_holder] -->          <\/div>\n<p><!-- [et_pb_line_break_holder] --><!-- PDF Button --><!-- [et_pb_line_break_holder] -->          <\/p>\n<div class=\"button_wrapper\"><a class=\"button\" href=\"https:\/\/dev.pyreg.de\/wp-content\/uploads\/PYREG-holt-Sales-Strategen-von-Shell-als-CSO.pdf\" target=\"_blank\" rel=\"noopener\">Pres\u00adse\u00admit\u00adtei\u00adlung<\/a><!-- [et_pb_line_break_holder] -->          <!--<!\u2013- [et_pb_br_holder] -\u2013>--><!-- [et_pb_line_break_holder] -->          <a class=\"button\" href=\"\/wp-content\/uploads\/INSA-Blitz-Umfrage_PYREG_Verwendung-nur-mit-Quellen-Angabe-gestattet.pdf\" target=\"_blank\" rel=\"noopener\"><\/a><!-- [et_pb_line_break_holder] -->          <\/div>\n<p><!-- [et_pb_line_break_holder] -->           <!-- [et_pb_line_break_holder] -->        <\/p><\/div>\n<p><!-- [et_pb_line_break_holder] --><!-- [et_pb_line_break_holder] -->      <\/p><\/div>\n<p><!-- [et_pb_line_break_holder] --><!-- [et_pb_line_break_holder] -->    <\/p><\/div>\n<p><!-- [et_pb_line_break_holder] -->    <\/p><\/div>\n<p><!-- [et_pb_line_break_holder] -->  <\/p>","protected":false},"excerpt":{"rendered":"<p>NEWS &amp; PRESSE&nbsp;Sie sind Jour\u00adna\u00adlist und wollen mehr \u00fcber PYREG erfahren oder ben\u00f6\u00adtigen fundierte Infor\u00adma\u00adtionen \u00fcber Themen, von denen Sie im Zusam\u00admen\u00adhang mit PYREG geh\u00f6rt haben? Im Folgenden finden Sie eine Kurz\u00adpr\u00e4\u00adsen\u00adta\u00adtion unseres Unter\u00adneh\u00admens, aktu\u00adelle Pres\u00adse\u00admit\u00adtei\u00adlungen sowie Bild\u00adma\u00adte\u00adrial, das Sie mit der Quel\u00adlen\u00adan\u00adgabe \u201ePYREG GmbH\u201c gerne verwenden d\u00fcrfen. Sollten Sie dar\u00fcber hinaus Fragen haben&nbsp;oder&nbsp;[\u2026]<\/p>\n","protected":false},"author":1,"featured_media":0,"parent":8986,"menu_order":0,"comment_status":"closed","ping_status":"closed","template":"","meta":{"_et_pb_use_builder":"on","_et_pb_old_content":"","_et_gb_content_width":"","inline_featured_image":false,"wp_typography_post_enhancements_disabled":false,"footnotes":""},"yoast_head":"<!-- This site is optimized with the Yoast SEO plugin v21.5 - https:\/\/yoast.com\/wordpress\/plugins\/seo\/ -->\n<title>News &amp; Presse - Alle Infos und \u00dcbersicht | PYREG<\/title>\n<meta name=\"description\" content=\"Sie sind Journalist und wollen mehr \u00fcber PYREG erfahren oder ben\u00f6tigen fundierte Informationen \u00fcber Themen? Mehr dazu hier!\" \/>\n<meta name=\"robots\" content=\"index, follow, max-snippet:-1, max-image-preview:large, max-video-preview:-1\" \/>\n<link rel=\"canonical\" href=\"https:\/\/dev.pyreg.de\/de\/unternehmen\/news-presse\/\" \/>\n<meta property=\"og:locale\" content=\"de_DE\" \/>\n<meta property=\"og:type\" content=\"article\" \/>\n<meta property=\"og:title\" content=\"News &amp; Presse - Alle Infos und \u00dcbersicht | PYREG\" \/>\n<meta property=\"og:description\" content=\"Sie sind Journalist und wollen mehr \u00fcber PYREG erfahren oder ben\u00f6tigen fundierte Informationen \u00fcber Themen? Mehr dazu hier!\" \/>\n<meta property=\"og:url\" content=\"https:\/\/dev.pyreg.de\/de\/unternehmen\/news-presse\/\" \/>\n<meta property=\"og:site_name\" content=\"PYREG\" \/>\n<meta property=\"article:modified_time\" content=\"2025-03-13T15:59:22+00:00\" \/>\n<meta property=\"og:image\" content=\"https:\/\/dev.pyreg.de\/wp-content\/uploads\/Alexander-Friedrichkeit-CSO-PYREG-GmbH.jpg\" \/>\n<meta name=\"twitter:card\" content=\"summary_large_image\" \/>\n<meta name=\"twitter:label1\" content=\"Gesch\u00e4tzte Lesezeit\" \/>\n\t<meta name=\"twitter:data1\" content=\"17\u00a0Minuten\" \/>\n<script type=\"application\/ld+json\" class=\"yoast-schema-graph\">{\"@context\":\"https:\/\/schema.org\",\"@graph\":[{\"@type\":\"WebPage\",\"@id\":\"https:\/\/dev.pyreg.de\/de\/unternehmen\/news-presse\/\",\"url\":\"https:\/\/dev.pyreg.de\/de\/unternehmen\/news-presse\/\",\"name\":\"News & Presse - Alle Infos und \u00dcbersicht | PYREG\",\"isPartOf\":{\"@id\":\"https:\/\/dev.pyreg.de\/#website\"},\"datePublished\":\"2018-09-17T08:55:10+00:00\",\"dateModified\":\"2025-03-13T15:59:22+00:00\",\"description\":\"Sie sind Journalist und wollen mehr \u00fcber PYREG erfahren oder ben\u00f6tigen fundierte Informationen \u00fcber Themen? Mehr dazu hier!\",\"breadcrumb\":{\"@id\":\"https:\/\/dev.pyreg.de\/de\/unternehmen\/news-presse\/#breadcrumb\"},\"inLanguage\":\"de\",\"potentialAction\":[{\"@type\":\"ReadAction\",\"target\":[\"https:\/\/dev.pyreg.de\/de\/unternehmen\/news-presse\/\"]}]},{\"@type\":\"BreadcrumbList\",\"@id\":\"https:\/\/dev.pyreg.de\/de\/unternehmen\/news-presse\/#breadcrumb\",\"itemListElement\":[{\"@type\":\"ListItem\",\"position\":1,\"name\":\"Startseite\",\"item\":\"https:\/\/dev.pyreg.de\/de\/\"},{\"@type\":\"ListItem\",\"position\":2,\"name\":\"Unternehmen\",\"item\":\"https:\/\/dev.pyreg.de\/de\/unternehmen\/\"},{\"@type\":\"ListItem\",\"position\":3,\"name\":\"NEWS &#038; PRESSE\"}]},{\"@type\":\"WebSite\",\"@id\":\"https:\/\/dev.pyreg.de\/#website\",\"url\":\"https:\/\/dev.pyreg.de\/\",\"name\":\"PYREG\",\"description\":\"Carbon Technology Solutions\",\"potentialAction\":[{\"@type\":\"SearchAction\",\"target\":{\"@type\":\"EntryPoint\",\"urlTemplate\":\"https:\/\/dev.pyreg.de\/?s={search_term_string}\"},\"query-input\":\"required name=search_term_string\"}],\"inLanguage\":\"de\"}]}<\/script>\n<!-- \/ Yoast SEO plugin. -->","yoast_head_json":{"title":"News & Presse - Alle Infos und \u00dcbersicht | PYREG","description":"Sie sind Journalist und wollen mehr \u00fcber PYREG erfahren oder ben\u00f6tigen fundierte Informationen \u00fcber Themen? Mehr dazu hier!","robots":{"index":"index","follow":"follow","max-snippet":"max-snippet:-1","max-image-preview":"max-image-preview:large","max-video-preview":"max-video-preview:-1"},"canonical":"https:\/\/dev.pyreg.de\/de\/unternehmen\/news-presse\/","og_locale":"de_DE","og_type":"article","og_title":"News & Presse - Alle Infos und \u00dcbersicht | PYREG","og_description":"Sie sind Journalist und wollen mehr \u00fcber PYREG erfahren oder ben\u00f6tigen fundierte Informationen \u00fcber Themen? Mehr dazu hier!","og_url":"https:\/\/dev.pyreg.de\/de\/unternehmen\/news-presse\/","og_site_name":"PYREG","article_modified_time":"2025-03-13T15:59:22+00:00","og_image":[{"url":"https:\/\/dev.pyreg.de\/wp-content\/uploads\/Alexander-Friedrichkeit-CSO-PYREG-GmbH.jpg"}],"twitter_card":"summary_large_image","twitter_misc":{"Gesch\u00e4tzte Lesezeit":"17\u00a0Minuten"},"schema":{"@context":"https:\/\/schema.org","@graph":[{"@type":"WebPage","@id":"https:\/\/dev.pyreg.de\/de\/unternehmen\/news-presse\/","url":"https:\/\/dev.pyreg.de\/de\/unternehmen\/news-presse\/","name":"News & Presse - Alle Infos und \u00dcbersicht | PYREG","isPartOf":{"@id":"https:\/\/dev.pyreg.de\/#website"},"datePublished":"2018-09-17T08:55:10+00:00","dateModified":"2025-03-13T15:59:22+00:00","description":"Sie sind Journalist und wollen mehr \u00fcber PYREG erfahren oder ben\u00f6tigen fundierte Informationen \u00fcber Themen? Mehr dazu hier!","breadcrumb":{"@id":"https:\/\/dev.pyreg.de\/de\/unternehmen\/news-presse\/#breadcrumb"},"inLanguage":"de","potentialAction":[{"@type":"ReadAction","target":["https:\/\/dev.pyreg.de\/de\/unternehmen\/news-presse\/"]}]},{"@type":"BreadcrumbList","@id":"https:\/\/dev.pyreg.de\/de\/unternehmen\/news-presse\/#breadcrumb","itemListElement":[{"@type":"ListItem","position":1,"name":"Startseite","item":"https:\/\/dev.pyreg.de\/de\/"},{"@type":"ListItem","position":2,"name":"Unternehmen","item":"https:\/\/dev.pyreg.de\/de\/unternehmen\/"},{"@type":"ListItem","position":3,"name":"NEWS &#038; PRESSE"}]},{"@type":"WebSite","@id":"https:\/\/dev.pyreg.de\/#website","url":"https:\/\/dev.pyreg.de\/","name":"PYREG","description":"Carbon Technology Solutions","potentialAction":[{"@type":"SearchAction","target":{"@type":"EntryPoint","urlTemplate":"https:\/\/dev.pyreg.de\/?s={search_term_string}"},"query-input":"required name=search_term_string"}],"inLanguage":"de"}]}},"_links":{"self":[{"href":"https:\/\/dev.pyreg.de\/de\/wp-json\/wp\/v2\/pages\/147"}],"collection":[{"href":"https:\/\/dev.pyreg.de\/de\/wp-json\/wp\/v2\/pages"}],"about":[{"href":"https:\/\/dev.pyreg.de\/de\/wp-json\/wp\/v2\/types\/page"}],"author":[{"embeddable":true,"href":"https:\/\/dev.pyreg.de\/de\/wp-json\/wp\/v2\/users\/1"}],"replies":[{"embeddable":true,"href":"https:\/\/dev.pyreg.de\/de\/wp-json\/wp\/v2\/comments?post=147"}],"version-history":[{"count":126,"href":"https:\/\/dev.pyreg.de\/de\/wp-json\/wp\/v2\/pages\/147\/revisions"}],"predecessor-version":[{"id":18825,"href":"https:\/\/dev.pyreg.de\/de\/wp-json\/wp\/v2\/pages\/147\/revisions\/18825"}],"up":[{"embeddable":true,"href":"https:\/\/dev.pyreg.de\/de\/wp-json\/wp\/v2\/pages\/8986"}],"wp:attachment":[{"href":"https:\/\/dev.pyreg.de\/de\/wp-json\/wp\/v2\/media?parent=147"}],"curies":[{"name":"wp","href":"https:\/\/api.w.org\/{rel}","templated":true}]}}